{"id":1655,"date":"2025-09-26T21:52:51","date_gmt":"2025-09-26T18:52:51","guid":{"rendered":"https:\/\/bk-site-ampplus.top\/?page_id=1655"},"modified":"2026-02-17T13:35:10","modified_gmt":"2026-02-17T11:35:10","slug":"home-tr","status":"publish","type":"page","link":"https:\/\/bk-site-ampplus.top\/tr\/","title":{"rendered":"Home TR"},"content":{"rendered":"","protected":false},"excerpt":{"rendered":"","protected":false},"author":1,"featured_media":0,"parent":0,"menu_order":0,"comment_status":"closed","ping_status":"closed","template":"home.php","meta":{"_acf_changed":false,"footnotes":""},"class_list":["post-1655","page","type-page","status-publish","hentry"],"acf":[],"yoast_head":"<!-- This site is optimized with the Yoast SEO plugin v27.0 - https:\/\/yoast.com\/product\/yoast-seo-wordpress\/ -->\n<title>1xbet \u2013 g\u00fcncel aynas\u0131 | 1xbet tr uygulamas\u0131n\u0131 indir \ud83d\udd25<\/title>\n<meta name=\"description\" content=\"1xbet T\u00fcrkiye \u2013 g\u00fcvenilir bahis adresi! 1xbet g\u00fcncel giri\u015f \u00fczerinden platformaya kat\u0131l\u0131n, bonuslar ve oyunlara do\u011frudan ak\u0131ll\u0131 telefonunuzdan eri\u015fim sa\u011flay\u0131n.\" \/>\n<meta name=\"robots\" content=\"index, follow, max-snippet:-1, max-image-preview:large, max-video-preview:-1\" \/>\n<link rel=\"canonical\" href=\"https:\/\/top1xbets.bk-site-ampplus.top\/tr\/\" \/>\n<meta property=\"og:locale\" content=\"ru_RU\" \/>\n<meta property=\"og:type\" content=\"article\" \/>\n<meta property=\"og:title\" content=\"1xbet \u2013 g\u00fcncel aynas\u0131 | 1xbet tr uygulamas\u0131n\u0131 indir \ud83d\udd25\" \/>\n<meta property=\"og:description\" content=\"1xbet T\u00fcrkiye \u2013 g\u00fcvenilir bahis adresi! 1xbet g\u00fcncel giri\u015f \u00fczerinden platformaya kat\u0131l\u0131n, bonuslar ve oyunlara do\u011frudan ak\u0131ll\u0131 telefonunuzdan eri\u015fim sa\u011flay\u0131n.\" \/>\n<meta property=\"og:url\" content=\"https:\/\/top1xbets.bk-site-ampplus.top\/tr\/\" \/>\n<meta property=\"og:site_name\" content=\"bk-site-ampplus.top\" \/>\n<meta property=\"article:modified_time\" content=\"2026-02-17T11:35:10+00:00\" \/>\n<meta name=\"twitter:card\" content=\"summary_large_image\" \/>\n<script type=\"application\/ld+json\" class=\"yoast-schema-graph\">{\"@context\":\"https:\/\/schema.org\",\"@graph\":[{\"@type\":\"WebPage\",\"@id\":\"https:\/\/bk-site-ampplus.top\/tr\/\",\"url\":\"https:\/\/top1xbets.bk-site-ampplus.top\/tr\/\",\"name\":\"1xbet \u2013 g\u00fcncel aynas\u0131 | 1xbet tr uygulamas\u0131n\u0131 indir \ud83d\udd25\",\"isPartOf\":{\"@id\":\"https:\/\/bk-site-ampplus.top\/#website\"},\"datePublished\":\"2025-09-26T18:52:51+00:00\",\"dateModified\":\"2026-02-17T11:35:10+00:00\",\"description\":\"1xbet T\u00fcrkiye \u2013 g\u00fcvenilir bahis adresi! 1xbet g\u00fcncel giri\u015f \u00fczerinden platformaya kat\u0131l\u0131n, bonuslar ve oyunlara do\u011frudan ak\u0131ll\u0131 telefonunuzdan eri\u015fim sa\u011flay\u0131n.\",\"breadcrumb\":{\"@id\":\"https:\/\/top1xbets.bk-site-ampplus.top\/tr\/#breadcrumb\"},\"inLanguage\":\"ru-RU\",\"potentialAction\":[{\"@type\":\"ReadAction\",\"target\":[\"https:\/\/top1xbets.bk-site-ampplus.top\/tr\/\"]}]},{\"@type\":\"BreadcrumbList\",\"@id\":\"https:\/\/top1xbets.bk-site-ampplus.top\/tr\/#breadcrumb\",\"itemListElement\":[{\"@type\":\"ListItem\",\"position\":1,\"name\":\"\u0413\u043b\u0430\u0432\u043d\u0430\u044f \u0441\u0442\u0440\u0430\u043d\u0438\u0446\u0430\",\"item\":\"https:\/\/bk-site-ampplus.top\/\"},{\"@type\":\"ListItem\",\"position\":2,\"name\":\"Home TR\"}]},{\"@type\":\"WebSite\",\"@id\":\"https:\/\/bk-site-ampplus.top\/#website\",\"url\":\"https:\/\/bk-site-ampplus.top\/\",\"name\":\"bk-site-ampplus.top\",\"description\":\"\",\"potentialAction\":[{\"@type\":\"SearchAction\",\"target\":{\"@type\":\"EntryPoint\",\"urlTemplate\":\"https:\/\/bk-site-ampplus.top\/?s={search_term_string}\"},\"query-input\":{\"@type\":\"PropertyValueSpecification\",\"valueRequired\":true,\"valueName\":\"search_term_string\"}}],\"inLanguage\":\"ru-RU\"}]}<\/script>\n<!-- \/ Yoast SEO plugin. -->","yoast_head_json":{"title":"1xbet \u2013 g\u00fcncel aynas\u0131 | 1xbet tr uygulamas\u0131n\u0131 indir \ud83d\udd25","description":"1xbet T\u00fcrkiye \u2013 g\u00fcvenilir bahis adresi! 1xbet g\u00fcncel giri\u015f \u00fczerinden platformaya kat\u0131l\u0131n, bonuslar ve oyunlara do\u011frudan ak\u0131ll\u0131 telefonunuzdan eri\u015fim sa\u011flay\u0131n.","robots":{"index":"index","follow":"follow","max-snippet":"max-snippet:-1","max-image-preview":"max-image-preview:large","max-video-preview":"max-video-preview:-1"},"canonical":"https:\/\/top1xbets.bk-site-ampplus.top\/tr\/","og_locale":"ru_RU","og_type":"article","og_title":"1xbet \u2013 g\u00fcncel aynas\u0131 | 1xbet tr uygulamas\u0131n\u0131 indir \ud83d\udd25","og_description":"1xbet T\u00fcrkiye \u2013 g\u00fcvenilir bahis adresi! 1xbet g\u00fcncel giri\u015f \u00fczerinden platformaya kat\u0131l\u0131n, bonuslar ve oyunlara do\u011frudan ak\u0131ll\u0131 telefonunuzdan eri\u015fim sa\u011flay\u0131n.","og_url":"https:\/\/top1xbets.bk-site-ampplus.top\/tr\/","og_site_name":"bk-site-ampplus.top","article_modified_time":"2026-02-17T11:35:10+00:00","twitter_card":"summary_large_image","schema":{"@context":"https:\/\/schema.org","@graph":[{"@type":"WebPage","@id":"https:\/\/bk-site-ampplus.top\/tr\/","url":"https:\/\/top1xbets.bk-site-ampplus.top\/tr\/","name":"1xbet \u2013 g\u00fcncel aynas\u0131 | 1xbet tr uygulamas\u0131n\u0131 indir \ud83d\udd25","isPartOf":{"@id":"https:\/\/bk-site-ampplus.top\/#website"},"datePublished":"2025-09-26T18:52:51+00:00","dateModified":"2026-02-17T11:35:10+00:00","description":"1xbet T\u00fcrkiye \u2013 g\u00fcvenilir bahis adresi! 1xbet g\u00fcncel giri\u015f \u00fczerinden platformaya kat\u0131l\u0131n, bonuslar ve oyunlara do\u011frudan ak\u0131ll\u0131 telefonunuzdan eri\u015fim sa\u011flay\u0131n.","breadcrumb":{"@id":"https:\/\/top1xbets.bk-site-ampplus.top\/tr\/#breadcrumb"},"inLanguage":"ru-RU","potentialAction":[{"@type":"ReadAction","target":["https:\/\/top1xbets.bk-site-ampplus.top\/tr\/"]}]},{"@type":"BreadcrumbList","@id":"https:\/\/top1xbets.bk-site-ampplus.top\/tr\/#breadcrumb","itemListElement":[{"@type":"ListItem","position":1,"name":"\u0413\u043b\u0430\u0432\u043d\u0430\u044f \u0441\u0442\u0440\u0430\u043d\u0438\u0446\u0430","item":"https:\/\/bk-site-ampplus.top\/"},{"@type":"ListItem","position":2,"name":"Home TR"}]},{"@type":"WebSite","@id":"https:\/\/bk-site-ampplus.top\/#website","url":"https:\/\/bk-site-ampplus.top\/","name":"bk-site-ampplus.top","description":"","potentialAction":[{"@type":"SearchAction","target":{"@type":"EntryPoint","urlTemplate":"https:\/\/bk-site-ampplus.top\/?s={search_term_string}"},"query-input":{"@type":"PropertyValueSpecification","valueRequired":true,"valueName":"search_term_string"}}],"inLanguage":"ru-RU"}]}},"amp_enabled":true,"_links":{"self":[{"href":"https:\/\/bk-site-ampplus.top\/wp-json\/wp\/v2\/pages\/1655","targetHints":{"allow":["GET"]}}],"collection":[{"href":"https:\/\/bk-site-ampplus.top\/wp-json\/wp\/v2\/pages"}],"about":[{"href":"https:\/\/bk-site-ampplus.top\/wp-json\/wp\/v2\/types\/page"}],"author":[{"embeddable":true,"href":"https:\/\/bk-site-ampplus.top\/wp-json\/wp\/v2\/users\/1"}],"replies":[{"embeddable":true,"href":"https:\/\/bk-site-ampplus.top\/wp-json\/wp\/v2\/comments?post=1655"}],"version-history":[{"count":4,"href":"https:\/\/bk-site-ampplus.top\/wp-json\/wp\/v2\/pages\/1655\/revisions"}],"predecessor-version":[{"id":1659,"href":"https:\/\/bk-site-ampplus.top\/wp-json\/wp\/v2\/pages\/1655\/revisions\/1659"}],"wp:attachment":[{"href":"https:\/\/bk-site-ampplus.top\/wp-json\/wp\/v2\/media?parent=1655"}],"curies":[{"name":"wp","href":"https:\/\/api.w.org\/{rel}","templated":true}]}}